{"id":302,"date":"2023-06-10T10:51:04","date_gmt":"2023-06-10T10:51:04","guid":{"rendered":"https:\/\/www.eurosegway.es\/segway-touren-und-verleih-faq\/"},"modified":"2023-12-06T10:15:50","modified_gmt":"2023-12-06T10:15:50","slug":"segway-touren-und-verleih-faq","status":"publish","type":"page","link":"https:\/\/www.eurosegway.es\/de\/segway-touren-und-verleih-faq\/","title":{"rendered":"Segway-Touren und Verleih FAQ"},"content":{"rendered":"<h3>Was ist das Mindestalter f\u00fcr das Fahren eines Segways?<\/h3>\n<p>Seit 2017 gibt es in Barcelona eine neue Segway-Verordnung und nun sind Segway- oder E-Scooter-Fahrten f\u00fcr Kinder unter 16 Jahren verboten.<br \/>\nF\u00fcr Minderj\u00e4hrige stellen wir Mini-E-Bikes von Xiaomi zur Verf\u00fcgung, damit Kinder damit an der Tour teilnehmen k\u00f6nnen. Das Mindestalter f\u00fcr diese betr\u00e4gt 8 Jahre.<br \/>\nDas Mindestgewicht zum Fahren eines Segways betr\u00e4gt \u00fcbrigens 35 kg, dabei handelt es sich jedoch lediglich um zus\u00e4tzliche technische Anforderungen.<\/p>\n<hr\/>\n<h3>Was sind die Stornierungsbedingungen f\u00fcr Euro Segway Barcelona-Touren?<\/h3>\n<p>Eine Stornierung Ihrer Tour ist innerhalb von 48 Stunden m\u00f6glich. im Voraus, per E-Mail oder Telefon. Sp\u00e4tere Stornierungen k\u00f6nnen nicht akzeptiert werden. Wir vertrauen darauf, dass unsere Kunden zu ihren geplanten Touren erscheinen. Bei leichtem Regen stellen wir Regenm\u00e4ntel zur Verf\u00fcgung. Bei starkem Regen kann die Tour auf Ihren Wunsch hin verschoben oder abgesagt werden.<br \/>\nDetaillierte Stornierungsbedingungen f\u00fcr Gruppen ab 10 Personen und Firmenveranstaltungen stellen wir Ihnen auf Anfrage zur Verf\u00fcgung.<\/p>\n<hr\/>\n<h3>Brauche ich einen F\u00fchrerschein, um einen Segway zu fahren?<\/h3>\n<p>Der Segway PT ist ein Personentransporter, der gem\u00e4\u00df den \u00f6rtlichen spanischen Vorschriften einem Fahrrad gleichgestellt ist.<br \/>\nMit Elektrorollern bis 300 Watt und einer H\u00f6chstgeschwindigkeit bis 25 km\/h fahren wir auch in die Kategorie Fahrradtransport. F\u00fcr die Nutzung ben\u00f6tigen Sie keinen F\u00fchrerschein. Aber um in Spanien einen Roller als Fahrrad zu fahren, m\u00fcssen Sie die Regeln befolgen und vor oder w\u00e4hrend der Fahrt keinen Alkohol trinken oder Drogen nehmen.<\/p>\n<hr\/>\n<h3>K\u00f6nnen schwangere Frauen an einer Segway-Tour teilnehmen?<\/h3>\n<p>Die Sicherheit Ihres ungeborenen Kindes steht f\u00fcr uns an erster Stelle, daher ist die Teilnahme an Segway-Touren f\u00fcr schwangere Frauen nicht gestattet. Wenn Sie ein Profi im Fahrrad- oder Tretrollerfahren sind, k\u00f6nnen wir Ihnen einige davon zur Teilnahme an unseren Touren anbieten.<\/p>\n<hr\/>\n<h3>Muss eine Reservierung im Voraus erfolgen oder k\u00f6nnen wir einfach im Euro Segway-B\u00fcro auftauchen?<\/h3>\n<p>Wir verf\u00fcgen \u00fcber gen\u00fcgend Ressourcen, um eine Tour f\u00fcr Sie anzubieten. Aber manchmal kann es vorkommen, dass alle Guides auf Tour sind, aber jemand auftaucht und sofort auf Tour gehen m\u00f6chte. Es wird dringend empfohlen, im Voraus zu buchen, um Entt\u00e4uschungen zu vermeiden.<\/p>\n<hr\/>\n<h3>Wie kann ich die Segway-Tour bezahlen?<\/h3>\n<p>Die Zahlung erfolgt am Tag der Tour in unserem B\u00fcro. Sie k\u00f6nnen in bar (EUR oder USD) oder mit Karte bezahlen.<br \/>\nWenn Sie lieber im Voraus per Bank\u00fcberweisung bezahlen m\u00f6chten, wird die Rechnung auf Anfrage ausgestellt. Alternativ k\u00f6nnen Sie per PayPal oder per Kreditkarte \u00fcber PayPal bezahlen.<\/p>\n<hr\/>\n<h3>Ist es m\u00f6glich, eine Segway-Tour in verschiedenen Sprachen zu machen?<\/h3>\n<p>Alle unsere Guides sprechen Englisch und Spanisch. Sie sind darin geschult, langsam Englisch zu sprechen und sich gut mit Kunden zu verst\u00e4ndigen, deren Muttersprache nicht Englisch ist. Da wir auch deutschsprachige, russischsprachige und portugiesischsprachige Reiseleiter in unserem Team haben, ist eine Voranmeldung dringend zu empfehlen. Wir verf\u00fcgen auch \u00fcber externe Reisef\u00fchrer in anderen Sprachen (Franz\u00f6sisch, Ukrainisch usw.), die jedoch nicht jederzeit verf\u00fcgbar sind. Bitte teilen Sie uns Ihre Pr\u00e4ferenz im Feld \u201eKommentar hinzuf\u00fcgen\u201c bei der Buchung mit. Wir werden dann so schnell wie m\u00f6glich die Verf\u00fcgbarkeit anderer Sprachen pr\u00fcfen.<\/p>\n<hr\/>\n<h3>Werden an der Tour auch andere Personen teilnehmen?<\/h3>\n<p>Wenn Sie sich f\u00fcr eine offene Gruppenoption entscheiden, k\u00f6nnen andere Personen auf Tour sein. Allerdings nicht mehr als 6 Personen in einer Gruppe.<br \/>\nWenn Sie die Option \u201ePrivate Tour\u201c w\u00e4hlen, ist die Tour v\u00f6llig privat. Es werden nur Sie (Ihre Gruppe) und ein Reiseleiter anwesend sein. Wir werden in diesem Fall keine verschiedenen Gruppen zusammenf\u00fchren.<\/p>\n<hr\/>\n<h3>Wo beginnen Segway-Touren in Barcelona?<\/h3>\n<p>Alle unsere Segway-Touren in Barcelona beginnen direkt in unserem B\u00fcro in der Calle del Correu Vell 6 im Gotischen Viertel. Es ist nur ca. 200 Meter von der U-Bahn-Station Jaume-I (gelbe Linie) oder ca. 400 Meter von den Ramblas (Start der U-Bahn Drassanes der roten Linie) entfernt.<\/p>\n<hr\/>\n","protected":false},"excerpt":{"rendered":"<p>Was ist das Mindestalter f\u00fcr das Fahren eines Segways? Seit 2017 gibt es in Barcelona eine neue Segway-Verordnung und nun sind Segway- oder E-Scooter-Fahrten f\u00fcr Kinder unter 16 Jahren verboten. [&#8230;]<\/p>\n<p><a class=\"btn btn-secondary understrap-read-more-link\" href=\"https:\/\/www.eurosegway.es\/de\/segway-touren-und-verleih-faq\/\">Mehr lesen&#8230;<span class=\"screen-reader-text\"> from Segway-Touren und Verleih FAQ<\/span><\/a><\/p>\n","protected":false},"author":1,"featured_media":0,"parent":0,"menu_order":0,"comment_status":"closed","ping_status":"closed","template":"template-faq.php","meta":{"_acf_changed":false,"_joinchat":[],"footnotes":""},"class_list":["post-302","page","type-page","status-publish","hentry"],"acf":[],"_links":{"self":[{"href":"https:\/\/www.eurosegway.es\/de\/wp-json\/wp\/v2\/pages\/302","targetHints":{"allow":["GET"]}}],"collection":[{"href":"https:\/\/www.eurosegway.es\/de\/wp-json\/wp\/v2\/pages"}],"about":[{"href":"https:\/\/www.eurosegway.es\/de\/wp-json\/wp\/v2\/types\/page"}],"author":[{"embeddable":true,"href":"https:\/\/www.eurosegway.es\/de\/wp-json\/wp\/v2\/users\/1"}],"replies":[{"embeddable":true,"href":"https:\/\/www.eurosegway.es\/de\/wp-json\/wp\/v2\/comments?post=302"}],"version-history":[{"count":1,"href":"https:\/\/www.eurosegway.es\/de\/wp-json\/wp\/v2\/pages\/302\/revisions"}],"predecessor-version":[{"id":586,"href":"https:\/\/www.eurosegway.es\/de\/wp-json\/wp\/v2\/pages\/302\/revisions\/586"}],"wp:attachment":[{"href":"https:\/\/www.eurosegway.es\/de\/wp-json\/wp\/v2\/media?parent=302"}],"curies":[{"name":"wp","href":"https:\/\/api.w.org\/{rel}","templated":true}]}}