{"id":299,"date":"2023-06-10T10:51:04","date_gmt":"2023-06-10T10:51:04","guid":{"rendered":"https:\/\/www.eurosegway.es\/segway-tours-y-alquiler-faq\/"},"modified":"2023-12-06T10:13:42","modified_gmt":"2023-12-06T10:13:42","slug":"segway-tours-y-alquiler-faq","status":"publish","type":"page","link":"https:\/\/www.eurosegway.es\/es\/segway-tours-y-alquiler-faq\/","title":{"rendered":"Segway tours y alquiler FAQ"},"content":{"rendered":"<h3>\u00bfCu\u00e1l es la edad m\u00ednima para montar en segway?<\/h3>\n<p>Desde 2017, hay una nueva regulaci\u00f3n sobre segway en Barcelona y ahora est\u00e1n prohibidos los paseos en segway o e-scooter para ni\u00f1os menores de 16 a\u00f1os.<br \/>\nPara los menores, proporcionamos mini bicicletas el\u00e9ctricas Xiaomi, para que los ni\u00f1os puedan participar en el recorrido, la edad m\u00ednima para esos: 8 a\u00f1os.<br \/>\nPor cierto, el peso m\u00ednimo para conducir un segway es de 35 kg, pero esto son solo requisitos t\u00e9cnicos adicionales.<\/p>\n<hr\/>\n<h3>\u00bfCu\u00e1l es la pol\u00edtica de cancelaci\u00f3n de los tours Euro Segway Barcelona?<\/h3>\n<p>La cancelaci\u00f3n de su tour es posible 48 hrs. con antelaci\u00f3n, por correo electr\u00f3nico o por tel\u00e9fono. No se aceptar\u00e1n cancelaciones posteriores. Confiamos en que nuestros clientes se presenten a sus recorridos programados. En caso de lluvia ligera proporcionamos impermeables. En caso de fuertes lluvias, el tour podr\u00eda ser reprogramado o cancelado por su solicitud.<br \/>\nPol\u00edtica de cancelaci\u00f3n detallada para grupos de 10+ pax y eventos de empresa que proporcionamos por su solicitud.<\/p>\n<hr\/>\n<h3>\u00bfNecesito carnet de conducir para conducir un segway?<\/h3>\n<p>El Segway PT es un transportador personal, seg\u00fan la normativa local espa\u00f1ola, se asimila a una bicicleta.<br \/>\nUtilizando patinetes el\u00e9ctricos de hasta 300 Watt con una velocidad m\u00e1xima de hasta 25 km\/h entramos tambi\u00e9n en una categor\u00eda de transporte de bicicletas. No necesitas carnet de conducir para usarlos. Pero para conducir un scooter como una bicicleta en Espa\u00f1a, debe seguir las reglas y no beber alcohol ni usar drogas antes o durante el viaje.<\/p>\n<hr\/>\n<h3>\u00bfPueden las mujeres embarazadas hacer un recorrido en Segway?<\/h3>\n<p>La seguridad de su hijo por nacer es nuestra prioridad, por lo tanto, no se permiten mujeres embarazadas en los recorridos en Segway. Si eres un profesional en bicicleta o patinete, podemos ofrecerte algunos de ellos para unirte a cualquiera de nuestros tours.<\/p>\n<hr\/>\n<h3>\u00bfEs necesario reservar con antelaci\u00f3n o podemos simplemente presentarnos en la oficina de Euro Segway?<\/h3>\n<p>Tenemos suficientes recursos para ofrecerle un recorrido. Pero a veces puede suceder que todos los gu\u00edas est\u00e9n de gira, pero alguien acaba de aparecer y quiere irse de gira ahora mismo&#8230; Se recomienda encarecidamente reservar con antelaci\u00f3n para evitar decepciones.<\/p>\n<hr\/>\n<h3>\u00bfC\u00f3mo puedo pagar el Segway Tour?<\/h3>\n<p>Pago a realizar en nuestra oficina el d\u00eda del tour. Puedes pagar en efectivo (EUR o USD) o con tarjeta.<br \/>\nSi prefiere pagar por adelantado mediante transferencia bancaria, la factura se emitir\u00e1 mediante una solicitud. Alternativamente, puede pagar con PayPal o con una tarjeta de cr\u00e9dito a trav\u00e9s de PayPal.<\/p>\n<hr\/>\n<h3>\u00bfEs posible hacer un tour en Segway en diferentes idiomas?<\/h3>\n<p>Todos nuestros gu\u00edas hablan ingl\u00e9s y espa\u00f1ol. Est\u00e1n capacitados para hablar ingl\u00e9s lentamente y articularse bien con los clientes que no son nativos en ingl\u00e9s. Tambi\u00e9n contamos con gu\u00edas de habla alemana, rusa y portuguesa en nuestro equipo, por lo que se recomienda reservar con anticipaci\u00f3n. Tambi\u00e9n disponemos de gu\u00edas externos en otros idiomas (franc\u00e9s, ucraniano, etc) pero no est\u00e1n disponibles en ning\u00fan momento. H\u00e1ganos saber su preferencia en el campo Agregar comentario durante la reserva y verificaremos la disponibilidad de otros idiomas lo antes posible.<\/p>\n<hr\/>\n<h3>\u00bfHabr\u00e1 otras personas en un recorrido?<\/h3>\n<p>En caso de que elija una opci\u00f3n de grupo abierto, otras personas podr\u00edan estar en la gira. Pero no m\u00e1s de 6 personas en un grupo.<br \/>\nSi elige la opci\u00f3n de recorrido privado, el recorrido ser\u00e1 completamente privado. Solo estar\u00e1 usted (su grupo) y un gu\u00eda tur\u00edstico. No fusionaremos diferentes grupos en este caso.<\/p>\n<hr\/>\n<h3>\u00bfD\u00f3nde empiezan los tours en Segway en Barcelona?<\/h3>\n<p>Todos nuestros tours en Segway en Barcelona comienzan directamente desde nuestra oficina en la Calle del Correu Vell 6, dentro del Barrio G\u00f3tico. Est\u00e1 a s\u00f3lo ~200 metros de la estaci\u00f3n de metro Jaume-I (l\u00ednea amarilla) o ~400 metros de las Ramblas (comienzo del metro Drassanes en la l\u00ednea roja).<\/p>\n<hr\/>\n","protected":false},"excerpt":{"rendered":"<p>\u00bfCu\u00e1l es la edad m\u00ednima para montar en segway? Desde 2017, hay una nueva regulaci\u00f3n sobre segway en Barcelona y ahora est\u00e1n prohibidos los paseos en segway o e-scooter para [&#8230;]<\/p>\n<p><a class=\"btn btn-secondary understrap-read-more-link\" href=\"https:\/\/www.eurosegway.es\/es\/segway-tours-y-alquiler-faq\/\">Leer m\u00e1s&#8230;<span class=\"screen-reader-text\"> from Segway tours y alquiler FAQ<\/span><\/a><\/p>\n","protected":false},"author":1,"featured_media":0,"parent":0,"menu_order":0,"comment_status":"closed","ping_status":"closed","template":"template-faq.php","meta":{"_acf_changed":false,"_joinchat":[],"footnotes":""},"class_list":["post-299","page","type-page","status-publish","hentry"],"acf":[],"_links":{"self":[{"href":"https:\/\/www.eurosegway.es\/es\/wp-json\/wp\/v2\/pages\/299","targetHints":{"allow":["GET"]}}],"collection":[{"href":"https:\/\/www.eurosegway.es\/es\/wp-json\/wp\/v2\/pages"}],"about":[{"href":"https:\/\/www.eurosegway.es\/es\/wp-json\/wp\/v2\/types\/page"}],"author":[{"embeddable":true,"href":"https:\/\/www.eurosegway.es\/es\/wp-json\/wp\/v2\/users\/1"}],"replies":[{"embeddable":true,"href":"https:\/\/www.eurosegway.es\/es\/wp-json\/wp\/v2\/comments?post=299"}],"version-history":[{"count":1,"href":"https:\/\/www.eurosegway.es\/es\/wp-json\/wp\/v2\/pages\/299\/revisions"}],"predecessor-version":[{"id":583,"href":"https:\/\/www.eurosegway.es\/es\/wp-json\/wp\/v2\/pages\/299\/revisions\/583"}],"wp:attachment":[{"href":"https:\/\/www.eurosegway.es\/es\/wp-json\/wp\/v2\/media?parent=299"}],"curies":[{"name":"wp","href":"https:\/\/api.w.org\/{rel}","templated":true}]}}