{"id":301,"date":"2023-06-10T10:51:04","date_gmt":"2023-06-10T10:51:04","guid":{"rendered":"https:\/\/www.eurosegway.es\/passeios-de-segway-e-aluguer-faq\/"},"modified":"2023-12-06T10:15:23","modified_gmt":"2023-12-06T10:15:23","slug":"passeios-de-segway-e-aluguer-faq","status":"publish","type":"page","link":"https:\/\/www.eurosegway.es\/pt-pt\/passeios-de-segway-e-aluguer-faq\/","title":{"rendered":"Passeios de Segway e aluguer FAQ"},"content":{"rendered":"<h3>Qual \u00e9 a idade m\u00ednima para andar de segway?<\/h3>\n<p>Desde 2017, h\u00e1 um novo regulamento sobre segway em Barcelona e agora os passeios de segway ou e-scooter para menores de 16 anos s\u00e3o proibidos.<br \/>\nPara os menores, disponibilizamos mini e-bikes da Xiaomi, para que as crian\u00e7as possam participar no passeio nela, a idade m\u00ednima para os mesmos \u00e9 de 8 anos.<br \/>\nAli\u00e1s, o peso m\u00ednimo para dirigir um segway \u00e9 de 35 kg, mas s\u00e3o apenas requisitos t\u00e9cnicos adicionais.<\/p>\n<hr\/>\n<h3>Qual \u00e9 a pol\u00edtica de cancelamento dos passeios Euro Segway Barcelona?<\/h3>\n<p>O cancelamento do seu passeio \u00e9 poss\u00edvel em 48 horas. com anteced\u00eancia, via e-mail ou telefone. Cancelamentos posteriores n\u00e3o podem ser aceitos. Confiamos em nossos clientes para comparecer aos passeios agendados. Em caso de chuva leve, fornecemos capas de chuva. Em caso de chuva forte, o passeio pode ser reagendado ou cancelado por sua solicita\u00e7\u00e3o.<br \/>\nPol\u00edtica de cancelamento detalhada para grupos 10+ pax e eventos de empresas que fornecemos a seu pedido.<\/p>\n<hr\/>\n<h3>Preciso de carteira de motorista para dirigir um segway?<\/h3>\n<p>O Segway PT \u00e9 um transportador pessoal, de acordo com os regulamentos locais espanh\u00f3is, \u00e9 equiparado a uma bicicleta.<br \/>\nUsando scooters el\u00e9tricos de at\u00e9 300 Watt com velocidade m\u00e1xima de at\u00e9 25 km\/h, tamb\u00e9m entramos em uma categoria de transporte de bicicletas. Voc\u00ea n\u00e3o precisa de uma carteira de motorista para us\u00e1-los. Mas para dirigir uma scooter como uma bicicleta na Espanha, voc\u00ea deve seguir as regras e n\u00e3o beber \u00e1lcool ou usar drogas antes ou durante o passeio.<\/p>\n<hr\/>\n<h3>Gr\u00e1vidas podem fazer um passeio de Segway?<\/h3>\n<p>A seguran\u00e7a do seu filho ainda n\u00e3o nascido \u00e9 a nossa prioridade, portanto mulheres gr\u00e1vidas n\u00e3o s\u00e3o permitidas nos passeios de Segway. Se voc\u00ea \u00e9 profissional em andar de bicicleta ou patinete, podemos oferecer-lhe alguns deles para participar de qualquer um de nossos passeios.<\/p>\n<hr\/>\n<h3>\u00c9 necess\u00e1rio reservar com anteced\u00eancia ou podemos simplesmente comparecer ao escrit\u00f3rio da Euro Segway?<\/h3>\n<p>Temos recursos suficientes para fornecer um passeio para voc\u00ea. Mas \u00e0s vezes pode acontecer que todos os guias estejam em turn\u00ea, mas algu\u00e9m simplesmente aparece e quer sair agora &#8230; \u00c9 altamente recomend\u00e1vel reservar com anteced\u00eancia para evitar decep\u00e7\u00f5es.<\/p>\n<hr\/>\n<h3>Como posso pagar pelo passeio de Segway?<\/h3>\n<p>Pagamento a ser feito em nosso escrit\u00f3rio no dia do passeio. Voc\u00ea pode pagar em dinheiro (EUR ou USD) ou com cart\u00e3o.<br \/>\nSe preferir pagar antecipadamente por transfer\u00eancia banc\u00e1ria \u2013 a fatura ser\u00e1 emitida a pedido. Alternativamente, voc\u00ea pode pagar por PayPal ou por cart\u00e3o de cr\u00e9dito via PayPal.<\/p>\n<hr\/>\n<h3>\u00c9 poss\u00edvel fazer um passeio de Segway em diferentes idiomas?<\/h3>\n<p>Todos os nossos guias falam ingl\u00eas e espanhol. Eles s\u00e3o treinados para falar ingl\u00eas devagar e se articular bem com clientes que n\u00e3o s\u00e3o nativos do ingl\u00eas. Tamb\u00e9m temos guias que falam alem\u00e3o, russo e portugu\u00eas em nossa equipe, portanto, \u00e9 altamente recomend\u00e1vel reservar com anteced\u00eancia. Tamb\u00e9m temos guias externos em outros idiomas (franc\u00eas, ucraniano, etc.), mas eles n\u00e3o est\u00e3o dispon\u00edveis a qualquer momento. Informe-nos sobre sua prefer\u00eancia no campo Adicionar coment\u00e1rio durante a reserva e verificaremos a disponibilidade de outros idiomas o mais r\u00e1pido poss\u00edvel.<\/p>\n<hr\/>\n<h3>Haver\u00e1 outras pessoas em um passeio?<\/h3>\n<p>Caso voc\u00ea escolha uma op\u00e7\u00e3o de grupo aberto, outras pessoas poder\u00e3o estar em turn\u00ea. Mas n\u00e3o mais de 6 pessoas em um grupo.<br \/>\nSe voc\u00ea escolher a op\u00e7\u00e3o de tour privado, o passeio ser\u00e1 totalmente privado. Haver\u00e1 apenas voc\u00ea (seu grupo) e um guia tur\u00edstico. N\u00e3o mesclaremos grupos diferentes neste caso.<\/p>\n<hr\/>\n<h3>Onde come\u00e7am os passeios de Segway em Barcelona?<\/h3>\n<p>Todos os nossos passeios de Segway em Barcelona come\u00e7am diretamente de nosso escrit\u00f3rio na Calle del Correu Vell 6, dentro do Bairro G\u00f3tico. Fica a apenas ~200 metros da esta\u00e7\u00e3o de metr\u00f4 Jaume-I (linha amarela) ou ~400 metros das Ramblas (metr\u00f4 Drassanes na linha vermelha).<\/p>\n<hr\/>\n","protected":false},"excerpt":{"rendered":"<p>Qual \u00e9 a idade m\u00ednima para andar de segway? Desde 2017, h\u00e1 um novo regulamento sobre segway em Barcelona e agora os passeios de segway ou e-scooter para menores de [&#8230;]<\/p>\n<p><a class=\"btn btn-secondary understrap-read-more-link\" href=\"https:\/\/www.eurosegway.es\/pt-pt\/passeios-de-segway-e-aluguer-faq\/\">Ler mais&#8230;<span class=\"screen-reader-text\"> from Passeios de Segway e aluguer FAQ<\/span><\/a><\/p>\n","protected":false},"author":1,"featured_media":0,"parent":0,"menu_order":0,"comment_status":"closed","ping_status":"closed","template":"template-faq.php","meta":{"_acf_changed":false,"_joinchat":[],"footnotes":""},"class_list":["post-301","page","type-page","status-publish","hentry"],"acf":[],"_links":{"self":[{"href":"https:\/\/www.eurosegway.es\/pt-pt\/wp-json\/wp\/v2\/pages\/301","targetHints":{"allow":["GET"]}}],"collection":[{"href":"https:\/\/www.eurosegway.es\/pt-pt\/wp-json\/wp\/v2\/pages"}],"about":[{"href":"https:\/\/www.eurosegway.es\/pt-pt\/wp-json\/wp\/v2\/types\/page"}],"author":[{"embeddable":true,"href":"https:\/\/www.eurosegway.es\/pt-pt\/wp-json\/wp\/v2\/users\/1"}],"replies":[{"embeddable":true,"href":"https:\/\/www.eurosegway.es\/pt-pt\/wp-json\/wp\/v2\/comments?post=301"}],"version-history":[{"count":1,"href":"https:\/\/www.eurosegway.es\/pt-pt\/wp-json\/wp\/v2\/pages\/301\/revisions"}],"predecessor-version":[{"id":585,"href":"https:\/\/www.eurosegway.es\/pt-pt\/wp-json\/wp\/v2\/pages\/301\/revisions\/585"}],"wp:attachment":[{"href":"https:\/\/www.eurosegway.es\/pt-pt\/wp-json\/wp\/v2\/media?parent=301"}],"curies":[{"name":"wp","href":"https:\/\/api.w.org\/{rel}","templated":true}]}}